{"id":351,"date":"2021-06-08T17:50:01","date_gmt":"2021-06-08T20:50:01","guid":{"rendered":"https:\/\/acehr.solutions\/?page_id=351"},"modified":"2024-08-21T05:47:58","modified_gmt":"2024-08-21T08:47:58","slug":"politica-privacidade","status":"publish","type":"page","link":"https:\/\/acehr.solutions\/en\/politica-privacidade\/","title":{"rendered":"Pol\u00edtica de Privacidade"},"content":{"rendered":"\t\t<div data-elementor-type=\"wp-page\" data-elementor-id=\"351\" class=\"elementor elementor-351\" data-elementor-settings=\"{&quot;ha_cmc_init_switcher&quot;:&quot;no&quot;}\" data-elementor-post-type=\"page\">\n\t\t\t\t\t\t<section class=\"elementor-section elementor-top-section elementor-element elementor-element-5b1a17c elementor-section-boxed elementor-section-height-default elementor-section-height-default\" data-id=\"5b1a17c\" data-element_type=\"section\" data-e-type=\"section\" data-settings=\"{&quot;background_background&quot;:&quot;gradient&quot;,&quot;_ha_eqh_enable&quot;:false}\">\n\t\t\t\t\t\t<div class=\"elementor-container elementor-column-gap-default\">\n\t\t\t\t\t<div class=\"elementor-column elementor-col-100 elementor-top-column elementor-element elementor-element-fc602a5\" data-id=\"fc602a5\" data-element_type=\"column\" data-e-type=\"column\">\n\t\t\t<div class=\"elementor-widget-wrap elementor-element-populated\">\n\t\t\t\t\t\t<section class=\"elementor-section elementor-inner-section elementor-element elementor-element-a30731d elementor-section-boxed elementor-section-height-default elementor-section-height-default\" data-id=\"a30731d\" data-element_type=\"section\" data-e-type=\"section\" data-settings=\"{&quot;_ha_eqh_enable&quot;:false}\">\n\t\t\t\t\t\t<div class=\"elementor-container elementor-column-gap-default\">\n\t\t\t\t\t<div class=\"elementor-column elementor-col-100 elementor-inner-column elementor-element elementor-element-5ea5a1c\" data-id=\"5ea5a1c\" data-element_type=\"column\" data-e-type=\"column\">\n\t\t\t<div class=\"elementor-widget-wrap elementor-element-populated\">\n\t\t\t\t\t\t<div class=\"elementor-element elementor-element-ddcca04 elementor-invisible elementor-widget elementor-widget-image\" data-id=\"ddcca04\" data-element_type=\"widget\" data-e-type=\"widget\" data-settings=\"{&quot;_animation&quot;:&quot;fadeIn&quot;}\" data-widget_type=\"image.default\">\n\t\t\t\t<div class=\"elementor-widget-container\">\n\t\t\t\t\t\t\t\t\t\t\t\t\t\t\t<img fetchpriority=\"high\" decoding=\"async\" width=\"1235\" height=\"629\" src=\"https:\/\/acehr.solutions\/wp-content\/uploads\/2020\/09\/logo2.png\" class=\"attachment-full size-full wp-image-15\" alt=\"Logotipo ACE HR Solutions\" srcset=\"https:\/\/acehr.solutions\/wp-content\/uploads\/2020\/09\/logo2.png 1235w, https:\/\/acehr.solutions\/wp-content\/uploads\/2020\/09\/logo2-300x153.png 300w, https:\/\/acehr.solutions\/wp-content\/uploads\/2020\/09\/logo2-1024x522.png 1024w, https:\/\/acehr.solutions\/wp-content\/uploads\/2020\/09\/logo2-768x391.png 768w, https:\/\/acehr.solutions\/wp-content\/uploads\/2020\/09\/logo2-1200x611.png 1200w\" sizes=\"(max-width: 1235px) 100vw, 1235px\" \/>\t\t\t\t\t\t\t\t\t\t\t\t\t\t\t<\/div>\n\t\t\t\t<\/div>\n\t\t\t\t\t<\/div>\n\t\t<\/div>\n\t\t\t\t\t<\/div>\n\t\t<\/section>\n\t\t\t\t<section class=\"elementor-section elementor-inner-section elementor-element elementor-element-0296e27 elementor-section-boxed elementor-section-height-default elementor-section-height-default\" data-id=\"0296e27\" data-element_type=\"section\" data-e-type=\"section\" data-settings=\"{&quot;_ha_eqh_enable&quot;:false}\">\n\t\t\t\t\t\t<div class=\"elementor-container elementor-column-gap-default\">\n\t\t\t\t\t<div class=\"elementor-column elementor-col-100 elementor-inner-column elementor-element elementor-element-5c092db\" data-id=\"5c092db\" data-element_type=\"column\" data-e-type=\"column\">\n\t\t\t<div class=\"elementor-widget-wrap elementor-element-populated\">\n\t\t\t\t\t\t<div class=\"elementor-element elementor-element-9c5d6f4 elementor-widget elementor-widget-spacer\" data-id=\"9c5d6f4\" data-element_type=\"widget\" data-e-type=\"widget\" data-widget_type=\"spacer.default\">\n\t\t\t\t<div class=\"elementor-widget-container\">\n\t\t\t\t\t\t\t<div class=\"elementor-spacer\">\n\t\t\t<div class=\"elementor-spacer-inner\"><\/div>\n\t\t<\/div>\n\t\t\t\t\t\t<\/div>\n\t\t\t\t<\/div>\n\t\t\t\t<div class=\"elementor-element elementor-element-e90250a elementor-invisible elementor-widget elementor-widget-heading\" data-id=\"e90250a\" data-element_type=\"widget\" data-e-type=\"widget\" data-settings=\"{&quot;motion_fx_motion_fx_scrolling&quot;:&quot;yes&quot;,&quot;_animation&quot;:&quot;fadeInUp&quot;,&quot;motion_fx_devices&quot;:[&quot;desktop&quot;,&quot;tablet&quot;,&quot;mobile&quot;]}\" data-widget_type=\"heading.default\">\n\t\t\t\t<div class=\"elementor-widget-container\">\n\t\t\t\t\t<h2 class=\"elementor-heading-title elementor-size-default\">Pol\u00edtica de Privacidade<\/h2>\t\t\t\t<\/div>\n\t\t\t\t<\/div>\n\t\t\t\t\t<\/div>\n\t\t<\/div>\n\t\t\t\t\t<\/div>\n\t\t<\/section>\n\t\t\t\t\t<\/div>\n\t\t<\/div>\n\t\t\t\t\t<\/div>\n\t\t<\/section>\n\t\t\t\t<section class=\"elementor-section elementor-top-section elementor-element elementor-element-5a76c09 elementor-section-boxed elementor-section-height-default elementor-section-height-default\" data-id=\"5a76c09\" data-element_type=\"section\" data-e-type=\"section\" data-settings=\"{&quot;_ha_eqh_enable&quot;:false}\">\n\t\t\t\t\t\t<div class=\"elementor-container elementor-column-gap-default\">\n\t\t\t\t\t<div class=\"elementor-column elementor-col-100 elementor-top-column elementor-element elementor-element-6efee0b6\" data-id=\"6efee0b6\" data-element_type=\"column\" data-e-type=\"column\">\n\t\t\t<div class=\"elementor-widget-wrap elementor-element-populated\">\n\t\t\t\t\t\t<div class=\"elementor-element elementor-element-b7ccdcb elementor-widget elementor-widget-text-editor\" data-id=\"b7ccdcb\" data-element_type=\"widget\" data-e-type=\"widget\" data-widget_type=\"text-editor.default\">\n\t\t\t\t<div class=\"elementor-widget-container\">\n\t\t\t\t\t\t\t\t\t<div class=\"cli_pg_page_contaner\">\n<h3 style=\"text-align: left;\">Sobre nossa Pol\u00edtica de Privacidade<\/h3><h3><div style=\"font-size: 18px; font-weight: 400; letter-spacing: -0.27px;\"><p>Esta Pol\u00edtica de Cookies explica o que s\u00e3o cookies e como os usamos, os tipos de cookies que usamos, ou seja, as informa\u00e7\u00f5es que coletamos usando cookies e como essas informa\u00e7\u00f5es s\u00e3o usadas e como controlar as prefer\u00eancias de cookies. Para obter mais informa\u00e7\u00f5es sobre como usamos, armazenamos e mantemos seus dados pessoais seguros, consulte toda nossa Pol\u00edtica de Privacidade.<\/p><p>Voc\u00ea pode, a qualquer momento, alterar ou retirar seu consentimento da Declara\u00e7\u00e3o de Cookie em nosso site.<\/p><p>Saiba mais sobre quem somos, como voc\u00ea pode nos contatar e como processamos dados pessoais em nossa Pol\u00edtica de Privacidade.<\/p><p>Seu consentimento se aplica aos seguintes dom\u00ednios:&nbsp;<a href=\"https:\/\/acehr.solutions\/\" style=\"transition-property: all;\">https:\/\/acehr.solutions<\/a><\/p><p><div class=\"cli_user_consent_state\">Your current state: No consent given. <a class=\"cli_manage_current_consent\" style=\"cursor:pointer;text-decoration:underline;\">Manage your consent.<\/a> <\/div><\/p><\/div><\/h3><h3 style=\"text-align: left;\">O que s\u00e3o cookies?<\/h3><h3><div style=\"font-size: 18px; font-weight: 400; letter-spacing: -0.27px;\"><p>Cookies s\u00e3o pequenos arquivos de texto usados para armazenar pequenas informa\u00e7\u00f5es. Eles s\u00e3o armazenados em seu dispositivo quando o site \u00e9 carregado em seu navegador. Esses cookies nos ajudam a fazer o site funcionar corretamente, torn\u00e1-lo mais seguro, fornecer uma melhor experi\u00eancia para o usu\u00e1rio, al\u00e9m de entender como o site funciona e onde precisa ser melhorado.<\/p><\/div><\/h3><h3 style=\"text-align: left;\">Como usamos cookies<\/h3><h3><div style=\"font-size: 18px; font-weight: 400; letter-spacing: -0.27px;\"><p>Como a maioria dos servi\u00e7os online, nosso site usa cookies prim\u00e1rios e de terceiros para diversos fins. Os cookies prim\u00e1rios s\u00e3o principalmente necess\u00e1rios para o funcionamento correto do site e n\u00e3o coletam nenhum de seus dados de identifica\u00e7\u00e3o pessoal.<\/p><p>Os cookies de terceiros usados em nosso site s\u00e3o principalmente para entender como o site funciona, como voc\u00ea interage com nosso site, mantendo nossos servi\u00e7os seguros, fornecendo an\u00fancios que s\u00e3o relevantes para voc\u00ea e, em suma, proporcionando-lhe uma melhor experi\u00eancia e ajudando a acelerar suas futuras intera\u00e7\u00f5es com nosso site. Se voc\u00ea est\u00e1 procurando por pulseira. H\u00e1 algo para combinar com cada visual, desde os mais justos ao corpo at\u00e9 os estruturados, de punhos a correntes e punhos.<\/p><\/div><\/h3><h3 style=\"text-align: left;\">Que tipo de cookies usamos?<\/h3><h3><div style=\"font-size: 18px; font-weight: 400; letter-spacing: -0.27px;\"><p><span style=\"font-weight: 700;\">Essencial:<\/span>&nbsp;Alguns cookies s\u00e3o essenciais para que voc\u00ea possa experimentar todas as funcionalidades do nosso site. Eles nos permitem manter as sess\u00f5es do usu\u00e1rio e prevenir quaisquer amea\u00e7as \u00e0 seguran\u00e7a. Eles n\u00e3o coletam ou armazenam nenhuma informa\u00e7\u00e3o pessoal. Por exemplo, esses cookies permitem que voc\u00ea fa\u00e7a login em sua conta, adicione produtos \u00e0 sua cesta e finalize a compra com seguran\u00e7a.<\/p><p><span style=\"font-weight: 700;\">Estat\u00edsticas:<\/span>&nbsp;Esses cookies armazenam informa\u00e7\u00f5es como o n\u00famero de visitantes do site, o n\u00famero de visitantes \u00fanicos, quais p\u00e1ginas do site foram visitadas, a origem da visita, etc. Esses dados nos ajudam a entender e analisar o desempenho do site e onde precisa de melhorias.<\/p><p><span style=\"font-weight: 700;\">Marketing:<\/span>&nbsp;Nosso site exibe an\u00fancios. Esses cookies s\u00e3o usados para personalizar os an\u00fancios que mostramos a voc\u00ea para que sejam significativos para voc\u00ea. Esses cookies tamb\u00e9m nos ajudam a acompanhar a efici\u00eancia dessas campanhas publicit\u00e1rias.<\/p><p>As informa\u00e7\u00f5es armazenadas nesses cookies tamb\u00e9m podem ser usadas por provedores de an\u00fancios de terceiros para exibir an\u00fancios em outros sites no navegador tamb\u00e9m.<\/p><p><span style=\"font-weight: 700;\">Funcional:<\/span>&nbsp;Estes s\u00e3o os cookies que auxiliam certas funcionalidades n\u00e3o essenciais em nosso site. Essas funcionalidades incluem a incorpora\u00e7\u00e3o de conte\u00fado como v\u00eddeos ou o compartilhamento de conte\u00fado do site em plataformas de m\u00eddia social.<\/p><p><span style=\"font-weight: 700;\">Prefer\u00eancias:<\/span>&nbsp;Esses cookies nos ajudam a armazenar suas configura\u00e7\u00f5es e prefer\u00eancias de navega\u00e7\u00e3o, como prefer\u00eancias de idioma, para que voc\u00ea tenha uma experi\u00eancia melhor e eficiente em futuras visitas ao site.<\/p><p><p>A lista abaixo detalha os cookies usados em nosso site.<\/p><table class=\"cookielawinfo-row-cat-table cookielawinfo-classic\"><thead><tr><th class=\"cookielawinfo-column-1\">Cookie<\/th><th class=\"cookielawinfo-column-4\">Description<\/th><\/tr><\/thead><tbody><tr class=\"cookielawinfo-row\"><td class=\"cookielawinfo-column-1\">cookielawinfo-checkbox-analytics<\/td><td class=\"cookielawinfo-column-4\">This cookie is set by GDPR Cookie Consent plugin. The cookie is used to store the user consent for the cookies in the category &#8220;Analytics&#8221;.<\/td><\/tr><tr class=\"cookielawinfo-row\"><td class=\"cookielawinfo-column-1\">cookielawinfo-checkbox-functional<\/td><td class=\"cookielawinfo-column-4\">The cookie is set by GDPR cookie consent to record the user consent for the cookies in the category &#8220;Functional&#8221;.<\/td><\/tr><tr class=\"cookielawinfo-row\"><td class=\"cookielawinfo-column-1\">cookielawinfo-checkbox-necessary<\/td><td class=\"cookielawinfo-column-4\">This cookie is set by GDPR Cookie Consent plugin. The cookies is used to store the user consent for the cookies in the category &#8220;Necessary&#8221;.<\/td><\/tr><tr class=\"cookielawinfo-row\"><td class=\"cookielawinfo-column-1\">cookielawinfo-checkbox-others<\/td><td class=\"cookielawinfo-column-4\">This cookie is set by GDPR Cookie Consent plugin. The cookie is used to store the user consent for the cookies in the category &#8220;Other.<\/td><\/tr><tr class=\"cookielawinfo-row\"><td class=\"cookielawinfo-column-1\">cookielawinfo-checkbox-performance<\/td><td class=\"cookielawinfo-column-4\">This cookie is set by GDPR Cookie Consent plugin. The cookie is used to store the user consent for the cookies in the category &#8220;Performance&#8221;.<\/td><\/tr><tr class=\"cookielawinfo-row\"><td class=\"cookielawinfo-column-1\">viewed_cookie_policy<\/td><td class=\"cookielawinfo-column-4\">The cookie is set by the GDPR Cookie Consent plugin and is used to store whether or not user has consented to the use of cookies. It does not store any personal data.<\/td><\/tr><\/tbody><\/table><\/p><\/div><\/h3><h3 style=\"text-align: left;\">Como posso controlar as prefer\u00eancias de cookies?<\/h3><h3><div style=\"font-size: 18px; font-weight: 400; letter-spacing: -0.27px;\"><p>Caso decida alterar suas prefer\u00eancias posteriormente durante a sess\u00e3o de navega\u00e7\u00e3o, voc\u00ea pode clicar na guia \u201cPol\u00edtica de Privacidade e Cookies\u201d em sua tela. Isso exibir\u00e1 o aviso de consentimento novamente, permitindo que voc\u00ea altere suas prefer\u00eancias ou retire totalmente o seu consentimento.<\/p><p>Al\u00e9m disso, diferentes navegadores fornecem m\u00e9todos diferentes para bloquear e excluir cookies usados por sites. Voc\u00ea pode alterar as configura\u00e7\u00f5es do seu navegador para bloquear \/ excluir os cookies. Para saber mais sobre como gerenciar e excluir cookies, visite&nbsp;<a href=\"http:\/\/wikipedia.org\/\" style=\"transition-property: all;\">wikipedia.org<\/a>,&nbsp;<a href=\"http:\/\/www.allaboutcookies.org\/\" style=\"transition-property: all;\">www.allaboutcookies.org<\/a>.<\/p><\/div><\/h3><div>\n<\/div>\n<\/div>\t\t\t\t\t\t\t\t<\/div>\n\t\t\t\t<\/div>\n\t\t\t\t\t<\/div>\n\t\t<\/div>\n\t\t\t\t\t<\/div>\n\t\t<\/section>\n\t\t\t\t<section class=\"elementor-section elementor-top-section elementor-element elementor-element-f2fbffc elementor-section-boxed elementor-section-height-default elementor-section-height-default\" data-id=\"f2fbffc\" data-element_type=\"section\" data-e-type=\"section\" data-settings=\"{&quot;background_background&quot;:&quot;classic&quot;,&quot;_ha_eqh_enable&quot;:false}\">\n\t\t\t\t\t\t<div class=\"elementor-container elementor-column-gap-default\">\n\t\t\t\t\t<div class=\"elementor-column elementor-col-100 elementor-top-column elementor-element elementor-element-4e4f45b\" data-id=\"4e4f45b\" data-element_type=\"column\" data-e-type=\"column\">\n\t\t\t<div class=\"elementor-widget-wrap elementor-element-populated\">\n\t\t\t\t\t\t<section class=\"elementor-section elementor-inner-section elementor-element elementor-element-4e7ca9e elementor-section-boxed elementor-section-height-default elementor-section-height-default\" data-id=\"4e7ca9e\" data-element_type=\"section\" data-e-type=\"section\" data-settings=\"{&quot;_ha_eqh_enable&quot;:false}\">\n\t\t\t\t\t\t<div class=\"elementor-container elementor-column-gap-default\">\n\t\t\t\t\t<div class=\"elementor-column elementor-col-50 elementor-inner-column elementor-element elementor-element-4fa95e9\" data-id=\"4fa95e9\" data-element_type=\"column\" data-e-type=\"column\">\n\t\t\t<div class=\"elementor-widget-wrap elementor-element-populated\">\n\t\t\t\t\t\t<div class=\"elementor-element elementor-element-d20383a elementor-widget elementor-widget-image\" data-id=\"d20383a\" data-element_type=\"widget\" data-e-type=\"widget\" data-widget_type=\"image.default\">\n\t\t\t\t<div class=\"elementor-widget-container\">\n\t\t\t\t\t\t\t\t\t\t\t\t\t\t\t<img fetchpriority=\"high\" decoding=\"async\" width=\"1235\" height=\"629\" src=\"https:\/\/acehr.solutions\/wp-content\/uploads\/2020\/09\/logo2.png\" class=\"attachment-full size-full wp-image-15\" alt=\"Logotipo ACE HR Solutions\" srcset=\"https:\/\/acehr.solutions\/wp-content\/uploads\/2020\/09\/logo2.png 1235w, https:\/\/acehr.solutions\/wp-content\/uploads\/2020\/09\/logo2-300x153.png 300w, https:\/\/acehr.solutions\/wp-content\/uploads\/2020\/09\/logo2-1024x522.png 1024w, https:\/\/acehr.solutions\/wp-content\/uploads\/2020\/09\/logo2-768x391.png 768w, https:\/\/acehr.solutions\/wp-content\/uploads\/2020\/09\/logo2-1200x611.png 1200w\" sizes=\"(max-width: 1235px) 100vw, 1235px\" \/>\t\t\t\t\t\t\t\t\t\t\t\t\t\t\t<\/div>\n\t\t\t\t<\/div>\n\t\t\t\t<div class=\"elementor-element elementor-element-179e131 elementor-widget elementor-widget-heading\" data-id=\"179e131\" data-element_type=\"widget\" data-e-type=\"widget\" data-widget_type=\"heading.default\">\n\t\t\t\t<div class=\"elementor-widget-container\">\n\t\t\t\t\t<h2 class=\"elementor-heading-title elementor-size-default\">Copyright \u00a9\ufe0f 2021 \u2013 Ace RH Solutions. Todos os Direitos Reservados.<\/h2>\t\t\t\t<\/div>\n\t\t\t\t<\/div>\n\t\t\t\t\t<\/div>\n\t\t<\/div>\n\t\t\t\t<div class=\"elementor-column elementor-col-50 elementor-inner-column elementor-element elementor-element-a74c5ac\" data-id=\"a74c5ac\" data-element_type=\"column\" data-e-type=\"column\">\n\t\t\t<div class=\"elementor-widget-wrap\">\n\t\t\t\t\t\t\t<\/div>\n\t\t<\/div>\n\t\t\t\t\t<\/div>\n\t\t<\/section>\n\t\t\t\t\t<\/div>\n\t\t<\/div>\n\t\t\t\t\t<\/div>\n\t\t<\/section>\n\t\t\t\t<\/div>\n\t\t","protected":false},"excerpt":{"rendered":"<p>Pol\u00edtica de Privacidade Sobre nossa Pol\u00edtica de Privacidade Esta Pol\u00edtica de Cookies explica o que s\u00e3o cookies e como os usamos, os tipos de cookies que usamos, ou seja, as informa\u00e7\u00f5es que coletamos usando cookies e como essas informa\u00e7\u00f5es s\u00e3o usadas e como controlar as prefer\u00eancias de cookies. Para obter mais informa\u00e7\u00f5es sobre como usamos, [&hellip;]<\/p>\n","protected":false},"author":1,"featured_media":32,"parent":0,"menu_order":0,"comment_status":"closed","ping_status":"closed","template":"elementor_canvas","meta":{"footnotes":""},"class_list":["post-351","page","type-page","status-publish","has-post-thumbnail","hentry"],"yoast_head":"<!-- This site is optimized with the Yoast SEO plugin v27.5 - https:\/\/yoast.com\/product\/yoast-seo-wordpress\/ -->\n<title>Pol\u00edtica de Privacidade | ACE HR Solutions | Consultoria em RH<\/title>\n<meta name=\"description\" content=\"Confira nossa Pol\u00edtica de Privacidade e esteja ciente de como utilizamos nossos cookies para propor uma melhor experi\u00eancia em nosso site.\" \/>\n<meta name=\"robots\" content=\"index, follow, max-snippet:-1, max-image-preview:large, max-video-preview:-1\" \/>\n<link rel=\"canonical\" href=\"https:\/\/acehr.solutions\/en\/politica-privacidade\/\" \/>\n<meta property=\"og:locale\" content=\"en_US\" \/>\n<meta property=\"og:type\" content=\"article\" \/>\n<meta property=\"og:title\" content=\"Pol\u00edtica de Privacidade | ACE HR Solutions | Consultoria em RH\" \/>\n<meta property=\"og:description\" content=\"Confira nossa Pol\u00edtica de Privacidade e esteja ciente de como utilizamos nossos cookies para propor uma melhor experi\u00eancia em nosso site.\" \/>\n<meta property=\"og:url\" content=\"https:\/\/acehr.solutions\/en\/politica-privacidade\/\" \/>\n<meta property=\"og:site_name\" content=\"ACE\" \/>\n<meta property=\"article:modified_time\" content=\"2024-08-21T08:47:58+00:00\" \/>\n<meta property=\"og:image\" content=\"https:\/\/acehr.solutions\/wp-content\/uploads\/2020\/09\/thumb.png\" \/>\n\t<meta property=\"og:image:width\" content=\"503\" \/>\n\t<meta property=\"og:image:height\" content=\"503\" \/>\n\t<meta property=\"og:image:type\" content=\"image\/png\" \/>\n<meta name=\"twitter:card\" content=\"summary_large_image\" \/>\n<meta name=\"twitter:label1\" content=\"Est. reading time\" \/>\n\t<meta name=\"twitter:data1\" content=\"4 minutes\" \/>\n<script type=\"application\/ld+json\" class=\"yoast-schema-graph\">{\"@context\":\"https:\\\/\\\/schema.org\",\"@graph\":[{\"@type\":\"WebPage\",\"@id\":\"https:\\\/\\\/acehr.solutions\\\/politica-privacidade\\\/\",\"url\":\"https:\\\/\\\/acehr.solutions\\\/politica-privacidade\\\/\",\"name\":\"Pol\u00edtica de Privacidade | ACE HR Solutions | Consultoria em RH\",\"isPartOf\":{\"@id\":\"https:\\\/\\\/acehr.solutions\\\/#website\"},\"primaryImageOfPage\":{\"@id\":\"https:\\\/\\\/acehr.solutions\\\/politica-privacidade\\\/#primaryimage\"},\"image\":{\"@id\":\"https:\\\/\\\/acehr.solutions\\\/politica-privacidade\\\/#primaryimage\"},\"thumbnailUrl\":\"https:\\\/\\\/acehr.solutions\\\/wp-content\\\/uploads\\\/2020\\\/09\\\/thumb.png\",\"datePublished\":\"2021-06-08T20:50:01+00:00\",\"dateModified\":\"2024-08-21T08:47:58+00:00\",\"description\":\"Confira nossa Pol\u00edtica de Privacidade e esteja ciente de como utilizamos nossos cookies para propor uma melhor experi\u00eancia em nosso site.\",\"breadcrumb\":{\"@id\":\"https:\\\/\\\/acehr.solutions\\\/politica-privacidade\\\/#breadcrumb\"},\"inLanguage\":\"en-US\",\"potentialAction\":[{\"@type\":\"ReadAction\",\"target\":[\"https:\\\/\\\/acehr.solutions\\\/politica-privacidade\\\/\"]}]},{\"@type\":\"ImageObject\",\"inLanguage\":\"en-US\",\"@id\":\"https:\\\/\\\/acehr.solutions\\\/politica-privacidade\\\/#primaryimage\",\"url\":\"https:\\\/\\\/acehr.solutions\\\/wp-content\\\/uploads\\\/2020\\\/09\\\/thumb.png\",\"contentUrl\":\"https:\\\/\\\/acehr.solutions\\\/wp-content\\\/uploads\\\/2020\\\/09\\\/thumb.png\",\"width\":503,\"height\":503,\"caption\":\"Logotipo ACE HR Solutions\"},{\"@type\":\"BreadcrumbList\",\"@id\":\"https:\\\/\\\/acehr.solutions\\\/politica-privacidade\\\/#breadcrumb\",\"itemListElement\":[{\"@type\":\"ListItem\",\"position\":1,\"name\":\"In\u00edcio\",\"item\":\"https:\\\/\\\/acehr.solutions\\\/\"},{\"@type\":\"ListItem\",\"position\":2,\"name\":\"Pol\u00edtica de Privacidade\"}]},{\"@type\":\"WebSite\",\"@id\":\"https:\\\/\\\/acehr.solutions\\\/#website\",\"url\":\"https:\\\/\\\/acehr.solutions\\\/\",\"name\":\"ACE\",\"description\":\"HR Solutions\",\"potentialAction\":[{\"@type\":\"SearchAction\",\"target\":{\"@type\":\"EntryPoint\",\"urlTemplate\":\"https:\\\/\\\/acehr.solutions\\\/?s={search_term_string}\"},\"query-input\":{\"@type\":\"PropertyValueSpecification\",\"valueRequired\":true,\"valueName\":\"search_term_string\"}}],\"inLanguage\":\"en-US\"}]}<\/script>\n<!-- \/ Yoast SEO plugin. -->","yoast_head_json":{"title":"Pol\u00edtica de Privacidade | ACE HR Solutions | Consultoria em RH","description":"Confira nossa Pol\u00edtica de Privacidade e esteja ciente de como utilizamos nossos cookies para propor uma melhor experi\u00eancia em nosso site.","robots":{"index":"index","follow":"follow","max-snippet":"max-snippet:-1","max-image-preview":"max-image-preview:large","max-video-preview":"max-video-preview:-1"},"canonical":"https:\/\/acehr.solutions\/en\/politica-privacidade\/","og_locale":"en_US","og_type":"article","og_title":"Pol\u00edtica de Privacidade | ACE HR Solutions | Consultoria em RH","og_description":"Confira nossa Pol\u00edtica de Privacidade e esteja ciente de como utilizamos nossos cookies para propor uma melhor experi\u00eancia em nosso site.","og_url":"https:\/\/acehr.solutions\/en\/politica-privacidade\/","og_site_name":"ACE","article_modified_time":"2024-08-21T08:47:58+00:00","og_image":[{"width":503,"height":503,"url":"https:\/\/acehr.solutions\/wp-content\/uploads\/2020\/09\/thumb.png","type":"image\/png"}],"twitter_card":"summary_large_image","twitter_misc":{"Est. reading time":"4 minutes"},"schema":{"@context":"https:\/\/schema.org","@graph":[{"@type":"WebPage","@id":"https:\/\/acehr.solutions\/politica-privacidade\/","url":"https:\/\/acehr.solutions\/politica-privacidade\/","name":"Pol\u00edtica de Privacidade | ACE HR Solutions | Consultoria em RH","isPartOf":{"@id":"https:\/\/acehr.solutions\/#website"},"primaryImageOfPage":{"@id":"https:\/\/acehr.solutions\/politica-privacidade\/#primaryimage"},"image":{"@id":"https:\/\/acehr.solutions\/politica-privacidade\/#primaryimage"},"thumbnailUrl":"https:\/\/acehr.solutions\/wp-content\/uploads\/2020\/09\/thumb.png","datePublished":"2021-06-08T20:50:01+00:00","dateModified":"2024-08-21T08:47:58+00:00","description":"Confira nossa Pol\u00edtica de Privacidade e esteja ciente de como utilizamos nossos cookies para propor uma melhor experi\u00eancia em nosso site.","breadcrumb":{"@id":"https:\/\/acehr.solutions\/politica-privacidade\/#breadcrumb"},"inLanguage":"en-US","potentialAction":[{"@type":"ReadAction","target":["https:\/\/acehr.solutions\/politica-privacidade\/"]}]},{"@type":"ImageObject","inLanguage":"en-US","@id":"https:\/\/acehr.solutions\/politica-privacidade\/#primaryimage","url":"https:\/\/acehr.solutions\/wp-content\/uploads\/2020\/09\/thumb.png","contentUrl":"https:\/\/acehr.solutions\/wp-content\/uploads\/2020\/09\/thumb.png","width":503,"height":503,"caption":"Logotipo ACE HR Solutions"},{"@type":"BreadcrumbList","@id":"https:\/\/acehr.solutions\/politica-privacidade\/#breadcrumb","itemListElement":[{"@type":"ListItem","position":1,"name":"In\u00edcio","item":"https:\/\/acehr.solutions\/"},{"@type":"ListItem","position":2,"name":"Pol\u00edtica de Privacidade"}]},{"@type":"WebSite","@id":"https:\/\/acehr.solutions\/#website","url":"https:\/\/acehr.solutions\/","name":"ACE","description":"HR Solutions","potentialAction":[{"@type":"SearchAction","target":{"@type":"EntryPoint","urlTemplate":"https:\/\/acehr.solutions\/?s={search_term_string}"},"query-input":{"@type":"PropertyValueSpecification","valueRequired":true,"valueName":"search_term_string"}}],"inLanguage":"en-US"}]}},"_links":{"self":[{"href":"https:\/\/acehr.solutions\/en\/wp-json\/wp\/v2\/pages\/351","targetHints":{"allow":["GET"]}}],"collection":[{"href":"https:\/\/acehr.solutions\/en\/wp-json\/wp\/v2\/pages"}],"about":[{"href":"https:\/\/acehr.solutions\/en\/wp-json\/wp\/v2\/types\/page"}],"author":[{"embeddable":true,"href":"https:\/\/acehr.solutions\/en\/wp-json\/wp\/v2\/users\/1"}],"replies":[{"embeddable":true,"href":"https:\/\/acehr.solutions\/en\/wp-json\/wp\/v2\/comments?post=351"}],"version-history":[{"count":19,"href":"https:\/\/acehr.solutions\/en\/wp-json\/wp\/v2\/pages\/351\/revisions"}],"predecessor-version":[{"id":562,"href":"https:\/\/acehr.solutions\/en\/wp-json\/wp\/v2\/pages\/351\/revisions\/562"}],"wp:featuredmedia":[{"embeddable":true,"href":"https:\/\/acehr.solutions\/en\/wp-json\/wp\/v2\/media\/32"}],"wp:attachment":[{"href":"https:\/\/acehr.solutions\/en\/wp-json\/wp\/v2\/media?parent=351"}],"curies":[{"name":"wp","href":"https:\/\/api.w.org\/{rel}","templated":true}]}}